{"id":52,"date":"2022-06-14T15:59:53","date_gmt":"2022-06-14T13:59:53","guid":{"rendered":"https:\/\/c3.benjaminmousnier.com\/?page_id=52"},"modified":"2022-06-14T16:07:09","modified_gmt":"2022-06-14T14:07:09","slug":"presentation-de-la-salle","status":"publish","type":"page","link":"https:\/\/c3.benjaminmousnier.com\/?page_id=52","title":{"rendered":"PR\u00c9SENTATION DE LA SALLE"},"content":{"rendered":"\n<p>La salle<\/p>\n\n\n\n<p>Attention : Rappel pas de magn\u00e9sie volatile !!!<\/p>\n\n\n\n<p>Structure auto-fabrication ! En bois r\u00e9sin\u00e9, escalade en t\u00eate avec les d\u00e9gaine en place.<br>Une grosse diversit\u00e9 de prises avec 23 fabricants diff\u00e9rents qui permettent des voies sympas et originale.<br>Une dalle de 9 m\u00e8tres de longueur et 17 m\u00e8tres de Hauteur.<br>Un mur de 2.50 m\u00e8tres de largeur sur 13.50 m\u00e8tres de Hauteur, en positif et vertical avec 5 moulinettes.<br>Un mur de 2.50 m\u00e8tres de largeur sur 13.50 m\u00e8tres de Hauteur, en positif, vertical et positif en fin.<br>Un mur de 3.50 m\u00e8tres de largeur sur 13.50 m\u00e8tres de Hauteur, l\u00e9ger d\u00e9vers.<br>Un mur de 4.00 m\u00e8tres de largeur sur 14.50 m\u00e8tres de Hauteur, D\u00e9vers et petit Toit.<br>Un mur en triangle de 4.00 \u00e0 la base, vertical puis d\u00e9vers progressif sur 13 m\u00e8tres de hauteur.<br>Un mur de 5.00 \u00e0 la base, vertical et l\u00e9ger d\u00e9vers sur 9.00, puis d\u00e9vers jusqu\u2019\u00e0 17.00 m\u00e8tres.<br>Un d\u00e9vers progressif de 2 m\u00e8tres de large et de 6 m\u00e8tres d\u2019avanc\u00e9es.<br>Un gros d\u00e9vers de 2.50 m\u00e8tres de largeur et de 6 m\u00e8tres d\u2019avanc\u00e9e pour 19 m\u00e8tres de d\u00e9velopp\u00e9.<\/p>\n\n\n\n<figure class=\"wp-block-image size-large\"><img loading=\"lazy\" decoding=\"async\" width=\"1024\" height=\"615\" src=\"https:\/\/c3.benjaminmousnier.com\/wp-content\/uploads\/2022\/06\/cropped-cropped-escalade-1024x615.jpg\" alt=\"\" class=\"wp-image-28\" srcset=\"https:\/\/c3.benjaminmousnier.com\/wp-content\/uploads\/2022\/06\/cropped-cropped-escalade-1024x615.jpg 1024w, https:\/\/c3.benjaminmousnier.com\/wp-content\/uploads\/2022\/06\/cropped-cropped-escalade-300x180.jpg 300w, https:\/\/c3.benjaminmousnier.com\/wp-content\/uploads\/2022\/06\/cropped-cropped-escalade-768x461.jpg 768w, https:\/\/c3.benjaminmousnier.com\/wp-content\/uploads\/2022\/06\/cropped-cropped-escalade-1536x922.jpg 1536w, https:\/\/c3.benjaminmousnier.com\/wp-content\/uploads\/2022\/06\/cropped-cropped-escalade.jpg 2000w\" sizes=\"auto, (max-width: 767px) 89vw, (max-width: 1000px) 54vw, (max-width: 1071px) 543px, 580px\" \/><\/figure>\n","protected":false},"excerpt":{"rendered":"<p>La salle Attention : Rappel pas de magn\u00e9sie volatile !!! Structure auto-fabrication ! En bois r\u00e9sin\u00e9, escalade en t\u00eate avec les d\u00e9gaine en place.Une grosse diversit\u00e9 de prises avec 23 fabricants diff\u00e9rents qui permettent des voies sympas et originale.Une dalle de 9 m\u00e8tres de longueur et 17 m\u00e8tres de Hauteur.Un mur de 2.50 m\u00e8tres de &hellip; <\/p>\n<p class=\"link-more\"><a href=\"https:\/\/c3.benjaminmousnier.com\/?page_id=52\" class=\"more-link\">Continuer la lecture<span class=\"screen-reader-text\"> de &laquo;&nbsp;PR\u00c9SENTATION DE LA SALLE&nbsp;&raquo;<\/span><\/a><\/p>\n","protected":false},"author":1,"featured_media":0,"parent":0,"menu_order":0,"comment_status":"closed","ping_status":"closed","template":"","meta":{"footnotes":""},"class_list":["post-52","page","type-page","status-publish","hentry"],"yoast_head":"<!-- This site is optimized with the Yoast SEO plugin v19.1 - https:\/\/yoast.com\/wordpress\/plugins\/seo\/ -->\n<title>PR\u00c9SENTATION DE LA SALLE - ALTITUDE-GRIMP<\/title>\n<meta name=\"robots\" content=\"noindex, follow, max-snippet:-1, max-image-preview:large, max-video-preview:-1\" \/>\n<meta property=\"og:locale\" content=\"fr_FR\" \/>\n<meta property=\"og:type\" content=\"article\" \/>\n<meta property=\"og:title\" content=\"PR\u00c9SENTATION DE LA SALLE - ALTITUDE-GRIMP\" \/>\n<meta property=\"og:description\" content=\"La salle Attention : Rappel pas de magn\u00e9sie volatile !!! Structure auto-fabrication ! En bois r\u00e9sin\u00e9, escalade en t\u00eate avec les d\u00e9gaine en place.Une grosse diversit\u00e9 de prises avec 23 fabricants diff\u00e9rents qui permettent des voies sympas et originale.Une dalle de 9 m\u00e8tres de longueur et 17 m\u00e8tres de Hauteur.Un mur de 2.50 m\u00e8tres de &hellip; Continuer la lecture de &laquo;&nbsp;PR\u00c9SENTATION DE LA SALLE&nbsp;&raquo;\" \/>\n<meta property=\"og:url\" content=\"https:\/\/c3.benjaminmousnier.com\/?page_id=52\" \/>\n<meta property=\"og:site_name\" content=\"ALTITUDE-GRIMP\" \/>\n<meta property=\"article:modified_time\" content=\"2022-06-14T14:07:09+00:00\" \/>\n<meta property=\"og:image\" content=\"https:\/\/c3.benjaminmousnier.com\/wp-content\/uploads\/2022\/06\/cropped-cropped-escalade-1024x615.jpg\" \/>\n<meta name=\"twitter:card\" content=\"summary_large_image\" \/>\n<meta name=\"twitter:label1\" content=\"Dur\u00e9e de lecture estim\u00e9e\" \/>\n\t<meta name=\"twitter:data1\" content=\"2 minutes\" \/>\n<script type=\"application\/ld+json\" class=\"yoast-schema-graph\">{\"@context\":\"https:\/\/schema.org\",\"@graph\":[{\"@type\":\"WebSite\",\"@id\":\"https:\/\/c3.benjaminmousnier.com\/#website\",\"url\":\"https:\/\/c3.benjaminmousnier.com\/\",\"name\":\"ALTITUDE-GRIMP\",\"description\":\"Si tu veux atteindre le sommet, n&#039;observe pas la montagne, escalade-l\u00e0\",\"potentialAction\":[{\"@type\":\"SearchAction\",\"target\":{\"@type\":\"EntryPoint\",\"urlTemplate\":\"https:\/\/c3.benjaminmousnier.com\/?s={search_term_string}\"},\"query-input\":\"required name=search_term_string\"}],\"inLanguage\":\"fr-FR\"},{\"@type\":\"ImageObject\",\"inLanguage\":\"fr-FR\",\"@id\":\"https:\/\/c3.benjaminmousnier.com\/?page_id=52#primaryimage\",\"url\":\"https:\/\/c3.benjaminmousnier.com\/wp-content\/uploads\/2022\/06\/cropped-cropped-escalade.jpg\",\"contentUrl\":\"https:\/\/c3.benjaminmousnier.com\/wp-content\/uploads\/2022\/06\/cropped-cropped-escalade.jpg\",\"width\":2000,\"height\":1201},{\"@type\":\"WebPage\",\"@id\":\"https:\/\/c3.benjaminmousnier.com\/?page_id=52#webpage\",\"url\":\"https:\/\/c3.benjaminmousnier.com\/?page_id=52\",\"name\":\"PR\u00c9SENTATION DE LA SALLE - ALTITUDE-GRIMP\",\"isPartOf\":{\"@id\":\"https:\/\/c3.benjaminmousnier.com\/#website\"},\"primaryImageOfPage\":{\"@id\":\"https:\/\/c3.benjaminmousnier.com\/?page_id=52#primaryimage\"},\"datePublished\":\"2022-06-14T13:59:53+00:00\",\"dateModified\":\"2022-06-14T14:07:09+00:00\",\"breadcrumb\":{\"@id\":\"https:\/\/c3.benjaminmousnier.com\/?page_id=52#breadcrumb\"},\"inLanguage\":\"fr-FR\",\"potentialAction\":[{\"@type\":\"ReadAction\",\"target\":[\"https:\/\/c3.benjaminmousnier.com\/?page_id=52\"]}]},{\"@type\":\"BreadcrumbList\",\"@id\":\"https:\/\/c3.benjaminmousnier.com\/?page_id=52#breadcrumb\",\"itemListElement\":[{\"@type\":\"ListItem\",\"position\":1,\"name\":\"Accueil\",\"item\":\"https:\/\/c3.benjaminmousnier.com\/\"},{\"@type\":\"ListItem\",\"position\":2,\"name\":\"PR\u00c9SENTATION DE LA SALLE\"}]}]}<\/script>\n<!-- \/ Yoast SEO plugin. -->","yoast_head_json":{"title":"PR\u00c9SENTATION DE LA SALLE - ALTITUDE-GRIMP","robots":{"index":"noindex","follow":"follow","max-snippet":"max-snippet:-1","max-image-preview":"max-image-preview:large","max-video-preview":"max-video-preview:-1"},"og_locale":"fr_FR","og_type":"article","og_title":"PR\u00c9SENTATION DE LA SALLE - ALTITUDE-GRIMP","og_description":"La salle Attention : Rappel pas de magn\u00e9sie volatile !!! Structure auto-fabrication ! En bois r\u00e9sin\u00e9, escalade en t\u00eate avec les d\u00e9gaine en place.Une grosse diversit\u00e9 de prises avec 23 fabricants diff\u00e9rents qui permettent des voies sympas et originale.Une dalle de 9 m\u00e8tres de longueur et 17 m\u00e8tres de Hauteur.Un mur de 2.50 m\u00e8tres de &hellip; Continuer la lecture de &laquo;&nbsp;PR\u00c9SENTATION DE LA SALLE&nbsp;&raquo;","og_url":"https:\/\/c3.benjaminmousnier.com\/?page_id=52","og_site_name":"ALTITUDE-GRIMP","article_modified_time":"2022-06-14T14:07:09+00:00","og_image":[{"url":"https:\/\/c3.benjaminmousnier.com\/wp-content\/uploads\/2022\/06\/cropped-cropped-escalade-1024x615.jpg"}],"twitter_card":"summary_large_image","twitter_misc":{"Dur\u00e9e de lecture estim\u00e9e":"2 minutes"},"schema":{"@context":"https:\/\/schema.org","@graph":[{"@type":"WebSite","@id":"https:\/\/c3.benjaminmousnier.com\/#website","url":"https:\/\/c3.benjaminmousnier.com\/","name":"ALTITUDE-GRIMP","description":"Si tu veux atteindre le sommet, n&#039;observe pas la montagne, escalade-l\u00e0","potentialAction":[{"@type":"SearchAction","target":{"@type":"EntryPoint","urlTemplate":"https:\/\/c3.benjaminmousnier.com\/?s={search_term_string}"},"query-input":"required name=search_term_string"}],"inLanguage":"fr-FR"},{"@type":"ImageObject","inLanguage":"fr-FR","@id":"https:\/\/c3.benjaminmousnier.com\/?page_id=52#primaryimage","url":"https:\/\/c3.benjaminmousnier.com\/wp-content\/uploads\/2022\/06\/cropped-cropped-escalade.jpg","contentUrl":"https:\/\/c3.benjaminmousnier.com\/wp-content\/uploads\/2022\/06\/cropped-cropped-escalade.jpg","width":2000,"height":1201},{"@type":"WebPage","@id":"https:\/\/c3.benjaminmousnier.com\/?page_id=52#webpage","url":"https:\/\/c3.benjaminmousnier.com\/?page_id=52","name":"PR\u00c9SENTATION DE LA SALLE - ALTITUDE-GRIMP","isPartOf":{"@id":"https:\/\/c3.benjaminmousnier.com\/#website"},"primaryImageOfPage":{"@id":"https:\/\/c3.benjaminmousnier.com\/?page_id=52#primaryimage"},"datePublished":"2022-06-14T13:59:53+00:00","dateModified":"2022-06-14T14:07:09+00:00","breadcrumb":{"@id":"https:\/\/c3.benjaminmousnier.com\/?page_id=52#breadcrumb"},"inLanguage":"fr-FR","potentialAction":[{"@type":"ReadAction","target":["https:\/\/c3.benjaminmousnier.com\/?page_id=52"]}]},{"@type":"BreadcrumbList","@id":"https:\/\/c3.benjaminmousnier.com\/?page_id=52#breadcrumb","itemListElement":[{"@type":"ListItem","position":1,"name":"Accueil","item":"https:\/\/c3.benjaminmousnier.com\/"},{"@type":"ListItem","position":2,"name":"PR\u00c9SENTATION DE LA SALLE"}]}]}},"_links":{"self":[{"href":"https:\/\/c3.benjaminmousnier.com\/index.php?rest_route=\/wp\/v2\/pages\/52","targetHints":{"allow":["GET"]}}],"collection":[{"href":"https:\/\/c3.benjaminmousnier.com\/index.php?rest_route=\/wp\/v2\/pages"}],"about":[{"href":"https:\/\/c3.benjaminmousnier.com\/index.php?rest_route=\/wp\/v2\/types\/page"}],"author":[{"embeddable":true,"href":"https:\/\/c3.benjaminmousnier.com\/index.php?rest_route=\/wp\/v2\/users\/1"}],"replies":[{"embeddable":true,"href":"https:\/\/c3.benjaminmousnier.com\/index.php?rest_route=%2Fwp%2Fv2%2Fcomments&post=52"}],"version-history":[{"count":2,"href":"https:\/\/c3.benjaminmousnier.com\/index.php?rest_route=\/wp\/v2\/pages\/52\/revisions"}],"predecessor-version":[{"id":70,"href":"https:\/\/c3.benjaminmousnier.com\/index.php?rest_route=\/wp\/v2\/pages\/52\/revisions\/70"}],"wp:attachment":[{"href":"https:\/\/c3.benjaminmousnier.com\/index.php?rest_route=%2Fwp%2Fv2%2Fmedia&parent=52"}],"curies":[{"name":"wp","href":"https:\/\/api.w.org\/{rel}","templated":true}]}}